{"id":1023,"date":"2020-12-30T17:54:59","date_gmt":"2020-12-30T16:54:59","guid":{"rendered":"https:\/\/differenceinaddition.org\/privacy-policy\/"},"modified":"2020-12-30T17:54:59","modified_gmt":"2020-12-30T16:54:59","slug":"privacy-policy","status":"publish","type":"page","link":"https:\/\/differenceinaddition.org\/en\/privacy-policy\/","title":{"rendered":"Privacy Policy"},"content":{"rendered":"\r\n<p>In conformit\u00e0 a quanto previsto dal Testo Unico sulla Privacy, D. Lgs. 30.06.2003 n.196 e dal GDPR Regolamento UE 2016\/679, precisiamo che i dati da noi assunti o che ci verranno in seguito comunicati saranno utilizzati al solo fine dell\u2019incarico prospettatoci.<\/p>\r\n<p>Tali dati saranno conservati esclusivamente su archivi elettronici nel rispetto delle misure di sicurezza previste dalle normative vigenti e non saranno divulgati all\u2019esterno salvo che a persone, organi ed Enti che esercitano le funzioni di vigilanza sulla nostra societ\u00e0.<\/p>\r\n<p>Desideriamo peraltro ricordare che tutti i soci ed i collaboratori di Per Formare sono tenuti al segreto professionale previsto dall\u2019art. 2407 C.C. L&#8217;accettazione della presente proposta di incarico comporta il Vostro consenso affinch\u00e9 da parte nostra si possa accedere ed utilizzare i dati che ci saranno necessari per lo svolgimento dell\u2019incarico. Il titolare e responsabile del trattamento dei dati \u00e8 Per Formare ubicata in Roma &#8211; Via Padova n. 41 nella persona del Legale Rappresentante, Maurizio Piccinetti.<\/p>\r\n<p>Il Testo Unico sulla Privacy conferisce all\u2019interessato il potere di esercitare specifici diritti a propria tutela. Secondo le normative vigenti, tale trattamento sar\u00e0 improntato ai principi di correttezza, liceit\u00e0 e trasparenza.<\/p>\r\n<p class=\"p1\"><span class=\"s1\">I cookie sono file di piccole dimensioni che vengono inviati al browser e salvati sul dispositivo dell\u2019utente quando visita il sito www.differenceinaddition.org. I cookie permettono un funzionamento efficiente del sito e ne migliorano le prestazioni, inoltre forniscono informazioni al proprietario del sito per fini statistici o pubblicitari, principalmente per personalizzare l\u2019esperienza di navigazione ricordando le preferenze dell\u2019utente.<br \/>Il nostro sito utilizza diverse tipologie di cookie e tecnologie affini, ognuna delle quali ha una specifica funzione.<\/span><\/p>\r\n<p class=\"p1\"><span class=\"s1\"><b>Cookie tecnici<\/b><br \/>I cookie tecnici si distinguono in: Cookie di navigazione o di sessione.<\/span><\/p>\r\n<p class=\"p1\"><span class=\"s1\">Fin dal primo accesso questi cookie permettono al sito di funzionare correttamente e le consentono di visualizzare i contenuti sul suo dispositivo riconoscendo la lingua e il mercato del Paese dal quale ha scelto di connettersi. I cookie di navigazione sono cookie tecnici e sono necessari al funzionamento del sito.<\/span><\/p>\r\n<p class=\"p1\"><span class=\"s1\"><b>Cookie analytics<\/b><\/span><\/p>\r\n<p class=\"p1\"><span class=\"s1\">Questi cookie sono utilizzati per elaborare analisi statistiche sulle modalit\u00e0 di navigazione degli utenti sul nostro sito. Per Formare srl tratta i risultati di queste analisi direttamente ed in maniera anonima ed esclusivamente per finalit\u00e0 statistiche.<\/span><\/p>\r\n<p class=\"p1\"><span class=\"s1\"><b>Cookie di funzionalit\u00e0<\/b><\/span><\/p>\r\n<p class=\"p1\"><span class=\"s1\">Questi cookie permettono, in base alla sua richiesta espressa, di riconoscerla agli accessi successivi in modo da non dovere inserire i suoi dati a ogni visita (ad esempio: \u201cRiconoscimi la prossima volta\u201d).<br \/>I cookie funzionali non sono indispensabili al funzionamento del sito, ma migliorano la qualit\u00e0 e l\u2019esperienza di navigazione. Per l\u2019installazione e l\u2019utilizzo dei cookie tecnici non \u00e8 richiesto il preventivo consenso dell\u2019interessato. Pu\u00f2 comunque gestire questi cookie attraverso le impostazioni del browser, o i siti indicati nella sezione sottostante gestione dei cookie.<br \/>Di seguito una tabella che esplica i cookie presenti in questo sito:<\/span><\/p>\r\n<p><strong>        <div class=\"ct-ultimate-gdpr-container\">\n            <label for=\"ct-ultimate-gdpr-party-filter\"> First or Third Party Filter<\/label>\n            <select name=\"ct-ultimate-gdpr-party-filter\" id=\"ct-ultimate-gdpr-party-filter\">\n                <option value=\"\">Any<\/option>\n                <option value=\"First party\">First party<\/option>\n                <option value=\"Third party\">Third party<\/option>\n            <\/select>\n        <\/div>\n        <div id=\"ct-ultimate-gdpr-cookies-table\" class=\"ct-ultimate-gdpr-table-responsive table-responsive\">\n            <table>\n                <thead>\n                    <tr>\n                        <th>\n                            Cookie names                        <\/th>\n                        <th>\n                            Type of cookie                        <\/th>\n                        <th>\n                            First or Third party                        <\/th>\n                        <th>\n                            Can be blocked                        <\/th>\n                        <th>\n                            Session or Persistent                        <\/th>\n                        <th>\n                            Expiry Time                        <\/th>\n                        <th>\n                            Purpose                        <\/th>\n                    <\/tr>\n                <\/thead>\n                <tbody><\/tbody>\n            <\/table>\n        <\/div>\n\t\t<\/strong><\/p>\r\n<p class=\"p1\"><span class=\"s1\"><b>COME VIENE PRESTATO IL CONSENSO (OPT-IN) ALL\u2019UTILIZZO DEI COOKIE?<\/b><\/span><\/p>\r\n<p class=\"p1\"><span class=\"s1\">Il consenso all\u2019utilizzo dei cookie di profilazione viene prestato dall\u2019utente attraverso le seguenti modalit\u00e0: chiudendo il banner contenente l\u2019informativa breve, scorrendo la pagina che ospita il banner o cliccando qualunque suo elemento e pu\u00f2 essere revocato in ogni momento.<br \/>Tutti i cookie tecnici non richiedono consenso, pertanto vengono installati automaticamente a seguito dell\u2019accesso al sito o al servizio.<\/span><\/p>\r\n<p class=\"p1\"><span class=\"s1\"><b>Cookie di profilazione anche di terze parti<\/b><br \/>I cookie di profilazione sono volti a creare profili relativi all\u2019utente e vengono utilizzati al fine di inviare messaggi pubblicitari in linea con le preferenze manifestate dallo stesso nell\u2019ambito della navigazione in rete.<br \/>Per l\u2019utilizzo dei cookie di profilazione \u00e8 richiesto il consenso dell\u2019interessato con le modalit\u00e0 previste nel sito.<br \/>In caso di cookie di terze parti, il sito non ha un controllo diretto dei singoli cookie e non pu\u00f2 controllarli (non pu\u00f2 n\u00e9 installarli direttamente n\u00e9 cancellarli). Pu\u00f2 comunque gestire questi cookie attraverso le impostazioni del browser, o i siti indicati nella sezione sottostante gestione dei cookie.<\/span><\/p>\r\n<p class=\"p1\"><span class=\"s1\"><b>Cookie installati su questo sito<\/b><br \/>Ecco l\u2019elenco dei cookie presenti su questo sito. I cookie di terze parti presentano il collegamento all\u2019informativa della privacy del relativo fornitore esterno, dove \u00e8 possibile trovare una dettagliata descrizione dei singoli cookie e del trattamento che ne viene fatto.<\/span><\/p>\r\n<p class=\"p1\"><span class=\"s1\"><b>Google Ads<\/b><br \/>Il nostro Sito utilizza \u201cGoogle Ads\u201d. Quando accede al nostro Sito tramite Google, Google Ads inserisce un cookie nel suo browser che ci permette di fare analisi statistiche sull\u2019utilizzo del nostro Sito (ad esempio il numero di registrazioni e\/o primi acquisti sul Sito che derivino da una specifica Google Ads).<\/span><\/p>\r\n<p class=\"p1\"><span class=\"s1\">Pu\u00f2 ricevere maggiori informazioni circa il conversion tracking, in particolare circa come pu\u00f2 limitare la raccolta dei dati tramite cookie di Google al seguente link: http:\/\/services.google.com\/sitestats\/de.html.<\/span><\/p>\r\n<p class=\"p1\"><span class=\"s1\"><b>Google Analytics<\/b><\/span><\/p>\r\n<p class=\"p1\"><span class=\"s1\">Utilizziamo Google Analytics, un servizio di analisi web fornito da Google.<br \/>Google Analytics utilizza i cookie che consentono l\u2019analisi dell\u2019utilizzo del sito web. Le informazioni generate dal cookie sull\u2019utilizzo del sito sono trasferite ad un server di Google e memorizzate. L\u2019indirizzo IP non sar\u00e0 visibile. Solo in casi eccezionali l\u2019indirizzo IP sar\u00e0 trasferito ai server di Google e reso anonimo successivamente. Google utilizzer\u00e0, per conto di Per Formare srl, queste informazioni allo scopo di esaminare il suo utilizzo del Sito, per compilare report sulle attivit\u00e0 del Sito e per fornire altri servizi relativi alle attivit\u00e0 del Sito e all\u2019utilizzo di Internet per i gestori del sito. Google non assocer\u00e0 l\u2019indirizzo IP trasferito dal suo browser come parte di Google Analytics a nessun altro dato posseduto da Google. \u00c8 possibile disabilitare l\u2019uso dei cookie selezionando l\u2019impostazione appropriata sul suo browser; tuttavia, si prega di notare che in caso di disabilitazione dei cookie potrebbe non essere in grado di accedere a tutte le funzioni fornite dal Sito. Inoltre, pu\u00f2 impedire la raccolta dei dati generati dai cookie e relativi all\u2019utilizzo del Sito (incluso il suo indirizzo IP) e il trattamento di tali dati da parte di Google scaricando e installando sul tuo browser il plugin disponibile al seguente link (link valido alla data di giugno 2015): https:\/\/tools.google.com\/dlpage\/gaoptout?hl=it.<\/span><\/p>\r\n<p class=\"p1\"><span class=\"s1\">Utilizziamo inoltre Google Analytics per analizzare i dati di Google AdWords per fini statistici (ad esempio determinare quante volte un prodotto \u00e8 visualizzato\/selezionato). Se vuole disabilitare questa funzione pu\u00f2 farlo utilizzando le impostazioni sulle tue preferenze: http:\/\/www.google.com\/settings\/ads\/onweb\/?hl=de.<\/span><\/p>\r\n<p class=\"p1\"><span class=\"s1\">Se e nella misura in cui si \u00e8 registrato al nostro Sito e lo visita, utilizzeremo Google Analytics per creare report cross-device sulle sue attivit\u00e0 nel Sito. A tal fine, collegheremo il suo nome utente Per Formare srl con il suo profilo di utilizzo su Google Analytics senza per\u00f2 collegare questo profilo con il suo vero nome o altre informazioni che la identificano individualmente e direttamente. Questa capacit\u00e0 di analisi funziona anche in misura limitata senza cookie, quindi il suo comportamento in Internet pu\u00f2 essere almeno in parte valutato tramite Google Analytics Universal se avete disattivato i cookie nel browser. Per evitare questo monitoraggio, si prega di utilizzare il seguente link: https:\/\/tools.google.com\/dlpage\/gaoptout?hl=it.<\/span><\/p>\r\n<p class=\"p1\"><span class=\"s1\"><b>Facebook<\/b><br \/>Nella misura in cui ha accettato Per Formare srl utilizzer\u00e0 anche lo strumento di Facebook che consente a quest\u2019ultimo di mostrare banner pubblicitari su Facebook per nostro conto. A tale fine invieremo il suo indirizzo di posta elettronica a Facebook in forma criptata. Se lei \u00e8 un membro di Facebook, Facebook sa che \u00e8 registrato come utente di Per Formare srl.<\/span><\/p>\r\n<p class=\"p1\"><span class=\"s1\">Utilizziamo anche la funzionalit\u00e0 offerta da Facebook \u201cLookalike Audiences\u201d, che permette di mostrare pubblicit\u00e0 agli utenti Facebook con caratteristiche simili alle sue.<\/span><\/p>\r\n<p class=\"p1\"><span class=\"s1\">Per i dettagli sul trattamento dati effettuato da Facebook, la rimandiamo alla sezione delle Condizioni Generali di Facebook https:\/\/www.facebook.com\/ads\/manage\/customaudiences\/tos.php.<\/span><\/p>\r\n<p class=\"p1\"><span class=\"s1\">Come disabilitare i cookie e gestire le preferenze<br \/>La maggior parte dei browser \u00e8 configurata per accettare, controllare o eventualmente disabilitare i cookie attraverso le impostazioni. Le ricordiamo tuttavia che disabilitare i cookie di navigazione o quelli funzionali pu\u00f2 causare il funzionamento del sito e\/o limitare il servizio che offriamo. Qui sotto il percorso da seguire per gestire i cookie dai seguenti browser:<\/span><\/p>\r\n<p class=\"p1\"><span class=\"s1\">IE: http:\/\/windows.microsoft.com\/it-it\/windows7\/block-enable-or-allow-cookies\/.<\/span><\/p>\r\n<p class=\"p1\"><span class=\"s1\">Safari: http:\/\/support.apple.com\/kb\/PH11913\/.<\/span><\/p>\r\n<p class=\"p1\"><span class=\"s1\">Chrome: https:\/\/support.google.com\/chrome\/answer\/95647?hl=it-IT&amp;hlrm=fr&amp;hlrm=en.<\/span><\/p>\r\n<p class=\"p1\"><span class=\"s1\">Firefox: : http:\/\/support.mozilla.org\/it-IT\/kb\/enable-and-disable-cookies-website-preferences\/.<\/span><\/p>\r\n<p class=\"p1\"><span class=\"s1\">Per disabilitare i cookie analitici e impedire a Google Analytics di raccogliere dati sulla sua navigazione, pu\u00f2 scaricare il Componente aggiuntivo del browser per la disattivazione di Google Analytics: : https:\/\/tools.google.com\/dlpage\/gaoptout.<br \/>Per maggiori informazioni sui cookie e per gestire le sue preferenze sui cookie di profilazione di terza parte la invitiamo a visitare http:\/\/www.youronlinechoices.com.<\/span><\/p>\r\n<p class=\"p1\"><span class=\"s1\">Per richiedere di cancellare la profilazione tramite cookies si prega di scrivere a info.monza@iecentre.it.<\/span><\/p>\r\n<p class=\"p1\"><span class=\"s1\">ULTERIORI INFORMAZIONI SUI COOKIE E SU COME ESERCITARE L\u2019OPT-OUT<\/span><\/p>\r\n<p class=\"p1\"><span class=\"s1\">Le piattaforme Youonlinechoice e Networkadvertising.org offrono la possibilit\u00e0 di rifiutare o accettare i cookie di molti professionisti della pubblicit\u00e0 digitale.<br \/>Ti consigliamo di utilizzare queste piattaforme per gestire la revoca del consenso all\u2019utilizzo dei cookie.<br \/>Per saperne di pi\u00f9 sulla pubblicit\u00e0 mirata puoi consultare le seguenti pagine:<\/span><\/p>\r\n<p class=\"p1\"><span class=\"s1\">European Interactive Digital Advertising Alliance (EIDAA)<br \/>Network Advertising Initiative (NAI)<br \/>Interactive Advertising Bureau (IAB)<br \/>FACEBOOK https:\/\/www.facebook.com\/about\/privacy\/update<\/span><\/p>\r\n","protected":false},"excerpt":{"rendered":"<p>In conformit\u00e0 a quanto previsto dal Testo Unico sulla Privacy, D. Lgs. 30.06.2003 n.196 e dal GDPR Regolamento UE 2016\/679, precisiamo che i dati da noi assunti o che ci verranno in seguito comunicati saranno utilizzati al solo fine dell\u2019incarico<\/p>\n","protected":false},"author":1,"featured_media":0,"parent":0,"menu_order":0,"comment_status":"closed","ping_status":"open","template":"","meta":{"footnotes":""},"yoast_head":"<!-- This site is optimized with the Yoast SEO plugin v22.9 - https:\/\/yoast.com\/wordpress\/plugins\/seo\/ -->\n<title>Privacy Policy | Difference iN Addition<\/title>\n<meta name=\"description\" content=\"Read our Privacy Policy\" \/>\n<meta name=\"robots\" content=\"index, follow, max-snippet:-1, max-image-preview:large, max-video-preview:-1\" \/>\n<link rel=\"canonical\" href=\"https:\/\/differenceinaddition.org\/en\/privacy-policy\/\" \/>\n<meta property=\"og:locale\" content=\"en_US\" \/>\n<meta property=\"og:type\" content=\"article\" \/>\n<meta property=\"og:title\" content=\"Privacy Policy | Difference iN Addition\" \/>\n<meta property=\"og:description\" content=\"Read our Privacy Policy\" \/>\n<meta property=\"og:url\" content=\"https:\/\/differenceinaddition.org\/en\/privacy-policy\/\" \/>\n<meta property=\"og:site_name\" content=\"Difference iN Addition\" \/>\n<meta property=\"article:publisher\" content=\"https:\/\/www.facebook.com\/Dna-difference-in-addition-102698224852541\" \/>\n<meta name=\"twitter:card\" content=\"summary_large_image\" \/>\n<meta name=\"twitter:site\" content=\"@Dna_difference\" \/>\n<meta name=\"twitter:label1\" content=\"Est. reading time\" \/>\n\t<meta name=\"twitter:data1\" content=\"8 minutes\" \/>\n<script type=\"application\/ld+json\" class=\"yoast-schema-graph\">{\"@context\":\"https:\/\/schema.org\",\"@graph\":[{\"@type\":\"WebPage\",\"@id\":\"https:\/\/differenceinaddition.org\/en\/privacy-policy\/\",\"url\":\"https:\/\/differenceinaddition.org\/en\/privacy-policy\/\",\"name\":\"Privacy Policy | Difference iN Addition\",\"isPartOf\":{\"@id\":\"https:\/\/differenceinaddition.org\/#website\"},\"datePublished\":\"2020-12-30T16:54:59+00:00\",\"dateModified\":\"2020-12-30T16:54:59+00:00\",\"description\":\"Read our Privacy Policy\",\"breadcrumb\":{\"@id\":\"https:\/\/differenceinaddition.org\/en\/privacy-policy\/#breadcrumb\"},\"inLanguage\":\"en-US\",\"potentialAction\":[{\"@type\":\"ReadAction\",\"target\":[\"https:\/\/differenceinaddition.org\/en\/privacy-policy\/\"]}]},{\"@type\":\"BreadcrumbList\",\"@id\":\"https:\/\/differenceinaddition.org\/en\/privacy-policy\/#breadcrumb\",\"itemListElement\":[{\"@type\":\"ListItem\",\"position\":1,\"name\":\"Home\",\"item\":\"https:\/\/differenceinaddition.org\/en\/\"},{\"@type\":\"ListItem\",\"position\":2,\"name\":\"Privacy Policy\"}]},{\"@type\":\"WebSite\",\"@id\":\"https:\/\/differenceinaddition.org\/#website\",\"url\":\"https:\/\/differenceinaddition.org\/\",\"name\":\"DNA - Difference iN Addition\",\"description\":\"Diversity management\",\"publisher\":{\"@id\":\"https:\/\/differenceinaddition.org\/#organization\"},\"potentialAction\":[{\"@type\":\"SearchAction\",\"target\":{\"@type\":\"EntryPoint\",\"urlTemplate\":\"https:\/\/differenceinaddition.org\/?s={search_term_string}\"},\"query-input\":\"required name=search_term_string\"}],\"inLanguage\":\"en-US\"},{\"@type\":\"Organization\",\"@id\":\"https:\/\/differenceinaddition.org\/#organization\",\"name\":\"DNA - Difference iN Addition\",\"url\":\"https:\/\/differenceinaddition.org\/\",\"logo\":{\"@type\":\"ImageObject\",\"inLanguage\":\"en-US\",\"@id\":\"https:\/\/differenceinaddition.org\/#\/schema\/logo\/image\/\",\"url\":\"\",\"contentUrl\":\"\",\"caption\":\"DNA - Difference iN Addition\"},\"image\":{\"@id\":\"https:\/\/differenceinaddition.org\/#\/schema\/logo\/image\/\"},\"sameAs\":[\"https:\/\/www.facebook.com\/Dna-difference-in-addition-102698224852541\",\"https:\/\/x.com\/Dna_difference\",\"https:\/\/www.linkedin.com\/company\/dna-difference-in-addition\"]}]}<\/script>\n<!-- \/ Yoast SEO plugin. -->","yoast_head_json":{"title":"Privacy Policy | Difference iN Addition","description":"Read our Privacy Policy","robots":{"index":"index","follow":"follow","max-snippet":"max-snippet:-1","max-image-preview":"max-image-preview:large","max-video-preview":"max-video-preview:-1"},"canonical":"https:\/\/differenceinaddition.org\/en\/privacy-policy\/","og_locale":"en_US","og_type":"article","og_title":"Privacy Policy | Difference iN Addition","og_description":"Read our Privacy Policy","og_url":"https:\/\/differenceinaddition.org\/en\/privacy-policy\/","og_site_name":"Difference iN Addition","article_publisher":"https:\/\/www.facebook.com\/Dna-difference-in-addition-102698224852541","twitter_card":"summary_large_image","twitter_site":"@Dna_difference","twitter_misc":{"Est. reading time":"8 minutes"},"schema":{"@context":"https:\/\/schema.org","@graph":[{"@type":"WebPage","@id":"https:\/\/differenceinaddition.org\/en\/privacy-policy\/","url":"https:\/\/differenceinaddition.org\/en\/privacy-policy\/","name":"Privacy Policy | Difference iN Addition","isPartOf":{"@id":"https:\/\/differenceinaddition.org\/#website"},"datePublished":"2020-12-30T16:54:59+00:00","dateModified":"2020-12-30T16:54:59+00:00","description":"Read our Privacy Policy","breadcrumb":{"@id":"https:\/\/differenceinaddition.org\/en\/privacy-policy\/#breadcrumb"},"inLanguage":"en-US","potentialAction":[{"@type":"ReadAction","target":["https:\/\/differenceinaddition.org\/en\/privacy-policy\/"]}]},{"@type":"BreadcrumbList","@id":"https:\/\/differenceinaddition.org\/en\/privacy-policy\/#breadcrumb","itemListElement":[{"@type":"ListItem","position":1,"name":"Home","item":"https:\/\/differenceinaddition.org\/en\/"},{"@type":"ListItem","position":2,"name":"Privacy Policy"}]},{"@type":"WebSite","@id":"https:\/\/differenceinaddition.org\/#website","url":"https:\/\/differenceinaddition.org\/","name":"DNA - Difference iN Addition","description":"Diversity management","publisher":{"@id":"https:\/\/differenceinaddition.org\/#organization"},"potentialAction":[{"@type":"SearchAction","target":{"@type":"EntryPoint","urlTemplate":"https:\/\/differenceinaddition.org\/?s={search_term_string}"},"query-input":"required name=search_term_string"}],"inLanguage":"en-US"},{"@type":"Organization","@id":"https:\/\/differenceinaddition.org\/#organization","name":"DNA - Difference iN Addition","url":"https:\/\/differenceinaddition.org\/","logo":{"@type":"ImageObject","inLanguage":"en-US","@id":"https:\/\/differenceinaddition.org\/#\/schema\/logo\/image\/","url":"","contentUrl":"","caption":"DNA - Difference iN Addition"},"image":{"@id":"https:\/\/differenceinaddition.org\/#\/schema\/logo\/image\/"},"sameAs":["https:\/\/www.facebook.com\/Dna-difference-in-addition-102698224852541","https:\/\/x.com\/Dna_difference","https:\/\/www.linkedin.com\/company\/dna-difference-in-addition"]}]}},"_links":{"self":[{"href":"https:\/\/differenceinaddition.org\/en\/wp-json\/wp\/v2\/pages\/1023"}],"collection":[{"href":"https:\/\/differenceinaddition.org\/en\/wp-json\/wp\/v2\/pages"}],"about":[{"href":"https:\/\/differenceinaddition.org\/en\/wp-json\/wp\/v2\/types\/page"}],"author":[{"embeddable":true,"href":"https:\/\/differenceinaddition.org\/en\/wp-json\/wp\/v2\/users\/1"}],"replies":[{"embeddable":true,"href":"https:\/\/differenceinaddition.org\/en\/wp-json\/wp\/v2\/comments?post=1023"}],"version-history":[{"count":0,"href":"https:\/\/differenceinaddition.org\/en\/wp-json\/wp\/v2\/pages\/1023\/revisions"}],"wp:attachment":[{"href":"https:\/\/differenceinaddition.org\/en\/wp-json\/wp\/v2\/media?parent=1023"}],"curies":[{"name":"wp","href":"https:\/\/api.w.org\/{rel}","templated":true}]}}